{"id":3418,"date":"2024-06-05T23:11:54","date_gmt":"2024-06-06T02:11:54","guid":{"rendered":"https:\/\/www.hidrocarburos.chubut.gov.ar\/?page_id=3418"},"modified":"2026-01-13T12:23:53","modified_gmt":"2026-01-13T15:23:53","slug":"insitucional","status":"publish","type":"page","link":"https:\/\/www.hidrocarburos.chubut.gov.ar\/?page_id=3418","title":{"rendered":"Institucional"},"content":{"rendered":"<section class=\"wpb-content-wrapper\"><p>[vc_row][vc_column][vc_row_inner][vc_column_inner][vc_empty_space][vc_column_text css=&#8221;.vc_custom_1768317749253{margin-bottom: 50px !important;}&#8221;]<\/p>\n<h4><strong>MINISTRO DE HIDROCARBUROS:<\/strong><\/h4>\n<h4>Ge\u00f3logo Jorge Federico Ponce<\/h4>\n<p><span style=\"font-size: small;\"><span lang=\"es-ES\"><b>Jorge Federico Ponce. Ge\u00f3logo, curs\u00f3 sus estudios en la UNPSJB de la ciudad de Comodoro Rivadavia, de la cual es oriundo. Trabaj\u00f3 en YPF donde desarroll\u00f3 su experiencia profesional. En 2015, fue designado como director de Petrominera Chubut SE, cargo vinculado t\u00e9cnicamente al \u00e1rea petrolera y desempe\u00f1\u00f3 por dos periodos. En diciembre de 2023, asume como Ministro de Hidrocarburos del Chubut, acompa\u00f1ando la gesti\u00f3n del Sr. Gobernador Ignacio \u201cNacho\u201d Torres.-<\/b><\/span><\/span>[\/vc_column_text][vc_empty_space][\/vc_column_inner][\/vc_row_inner][\/vc_column][\/vc_row][vc_row][vc_column][vc_cta h2=&#8221;&#8221;]<\/p>\n<h4 class=\"vc_btn3-container vc_btn3-inline\" style=\"text-align: left;\"><strong>LEY I N\u00b0 770 \u2013 Creaci\u00f3n del Ministerio de Hidrocarburos.<\/strong><\/h4>\n<div><\/div>\n<div class=\"vc_btn3-container vc_btn3-inline\" style=\"text-align: right;\"><a class=\"vc_general vc_btn3 vc_btn3-size-sd vc_btn3-shape-rounded vc_btn3-style-outline-custom vc_btn3-icon-left\" style=\"border-color: #3f96b4; color: #3f96b4; background-color: transparent;\" href=\"https:\/\/drive.google.com\/file\/d\/1bNz71jK145em9JN-OM6w46d_tjxIRvFh\/view?usp=sharing\" target=\"_blank\" rel=\"noopener\">Descargar PDF<\/a><\/div>\n<p>[\/vc_cta][\/vc_column][\/vc_row]<\/p>\n<\/section>","protected":false},"excerpt":{"rendered":"<p>[vc_row][vc_column][vc_row_inner][vc_column_inner][vc_empty_space][vc_column_text css=&#8221;.vc_custom_1768317749253{margin-bottom: 50px !important;}&#8221;] MINISTRO DE HIDROCARBUROS: Ge\u00f3logo Jorge Federico Ponce Jorge Federico Ponce. Ge\u00f3logo, curs\u00f3 sus estudios en la UNPSJB de la ciudad de Comodoro Rivadavia, de la cual&hellip;<\/p>\n","protected":false},"author":1,"featured_media":0,"parent":0,"menu_order":0,"comment_status":"open","ping_status":"open","template":"template-fullwidth.php","meta":{"footnotes":""},"class_list":["post-3418","page","type-page","status-publish","hentry","no-thumb"],"_links":{"self":[{"href":"https:\/\/www.hidrocarburos.chubut.gov.ar\/index.php?rest_route=\/wp\/v2\/pages\/3418","targetHints":{"allow":["GET"]}}],"collection":[{"href":"https:\/\/www.hidrocarburos.chubut.gov.ar\/index.php?rest_route=\/wp\/v2\/pages"}],"about":[{"href":"https:\/\/www.hidrocarburos.chubut.gov.ar\/index.php?rest_route=\/wp\/v2\/types\/page"}],"author":[{"embeddable":true,"href":"https:\/\/www.hidrocarburos.chubut.gov.ar\/index.php?rest_route=\/wp\/v2\/users\/1"}],"replies":[{"embeddable":true,"href":"https:\/\/www.hidrocarburos.chubut.gov.ar\/index.php?rest_route=%2Fwp%2Fv2%2Fcomments&post=3418"}],"version-history":[{"count":12,"href":"https:\/\/www.hidrocarburos.chubut.gov.ar\/index.php?rest_route=\/wp\/v2\/pages\/3418\/revisions"}],"predecessor-version":[{"id":3468,"href":"https:\/\/www.hidrocarburos.chubut.gov.ar\/index.php?rest_route=\/wp\/v2\/pages\/3418\/revisions\/3468"}],"wp:attachment":[{"href":"https:\/\/www.hidrocarburos.chubut.gov.ar\/index.php?rest_route=%2Fwp%2Fv2%2Fmedia&parent=3418"}],"curies":[{"name":"wp","href":"https:\/\/api.w.org\/{rel}","templated":true}]}}