{"id":3243,"date":"2023-09-11T10:59:41","date_gmt":"2023-09-11T13:59:41","guid":{"rendered":"https:\/\/www.hidrocarburos.chubut.gov.ar\/?page_id=3243"},"modified":"2024-06-05T22:56:11","modified_gmt":"2024-06-06T01:56:11","slug":"programa-de-incentivo-a-la-promocion","status":"publish","type":"page","link":"https:\/\/www.hidrocarburos.chubut.gov.ar\/?page_id=3243","title":{"rendered":"PROGRAMAS DE INCENTIVO A LA PROMOCI\u00d3N"},"content":{"rendered":"<section class=\"wpb-content-wrapper\"><p>[vc_row][vc_column][vc_row_inner][vc_column_inner][vc_empty_space][vc_column_text]Disminuci\u00f3n del Porcentaje de regal\u00edas sobre el incremental de producci\u00f3n<br \/>\nObjetivos:<br \/>\n1) Incrementar la producci\u00f3n de hidrocarburos<br \/>\n2) Incrementar los ingresos de la actividad, con la incorporaci\u00f3n de equipos<br \/>\n3) Incorporar o mantener el empleo<br \/>\n4) Aumentar el factor de recobro de las \u00e1reas y promover un incremento de las reservas comprobadas[\/vc_column_text][vc_empty_space][vc_column_text]<\/p>\n<h4><\/h4>\n<h4><\/h4>\n<h4>Decreto 278\/2020<\/h4>\n<p>Proyectos aprobados<\/p>\n<ul>\n<li>EOR &#8211; 10 a\u00f1os &#8211; 84,4 MM U$S<\/li>\n<li>EOR &#8211; 10 a\u00f1os &#8211; 50,4 MM U$S<\/li>\n<li>Perforaci\u00f3n costa afuera &#8211; 10 a\u00f1os &#8211; 1,6 MM U$S<\/li>\n<li>PZS exploratorios &#8211; 10 a\u00f1os &#8211; 10 MM U$S<\/li>\n<li>EOR &#8211; 10 a\u00f1os &#8211; 57 MM U$S<\/li>\n<li>DECRETO 348\/2024 &#8211; Programa de \u201cIncremental de Producci\u00f3n\u201d<\/li>\n<\/ul>\n<p>[\/vc_column_text][vc_cta h2=&#8221;Decreto 278&#8243; css=&#8221;.vc_custom_1717638308077{margin-top: 100px !important;}&#8221;]<\/p>\n<div class=\"vc_btn3-container vc_btn3-inline\" style=\"text-align: right;\"><a class=\"vc_general vc_btn3 vc_btn3-size-md vc_btn3-shape-rounded vc_btn3-style-outline-custom vc_btn3-icon-left\" style=\"border-color: #3f96b4; color: #3f96b4; background-color: transparent;\" href=\"https:\/\/drive.google.com\/file\/d\/1kkV-SJseOwiXDrAbAL8w0jSWirKuNNny\/view?usp=sharing\" target=\"_blank\" rel=\"noopener\"><i class=\"vc_btn3-icon fas fa-file-pdf\"><\/i> Descargar PDF<\/a><\/div>\n<p>[\/vc_cta][vc_column_text css=&#8221;.vc_custom_1717638962267{margin-bottom: 50px !important;}&#8221;]<\/p>\n<h4><\/h4>\n<p>&nbsp;<\/p>\n<h4>DECRETO 348\/2024 &#8211; Programa de \u201cIncremental de Producci\u00f3n\u201d<\/h4>\n<p>Requisitos: (ver Anexo I y Anexo II) Fecha l\u00edmite de presentaci\u00f3n hasta el 31\/12\/2024.[\/vc_column_text][\/vc_column_inner][\/vc_row_inner][\/vc_column][\/vc_row][vc_row][vc_column][vc_cta h2=&#8221;Decreto 348\/2024&#8243;]<\/p>\n<div class=\"vc_btn3-container vc_btn3-inline\" style=\"text-align: right;\"><a class=\"vc_general vc_btn3 vc_btn3-size-md vc_btn3-shape-rounded vc_btn3-style-outline-custom vc_btn3-icon-left\" style=\"border-color: #3f96b4; color: #3f96b4; background-color: transparent;\" href=\"https:\/\/drive.google.com\/file\/d\/1iNfKX32hK_QlshQ8spQQPV31KRBKQUZU\/view\" target=\"_blank\" rel=\"noopener\"><i class=\"vc_btn3-icon fas fa-file-pdf\"><\/i> Descargar PDF<\/a><\/div>\n<p>[\/vc_cta][\/vc_column][\/vc_row]<\/p>\n<\/section>","protected":false},"excerpt":{"rendered":"<p>[vc_row][vc_column][vc_row_inner][vc_column_inner][vc_empty_space][vc_column_text]Disminuci\u00f3n del Porcentaje de regal\u00edas sobre el incremental de producci\u00f3n Objetivos: 1) Incrementar la producci\u00f3n de hidrocarburos 2) Incrementar los ingresos de la actividad, con la incorporaci\u00f3n de equipos 3)&hellip;<\/p>\n","protected":false},"author":1,"featured_media":0,"parent":0,"menu_order":0,"comment_status":"open","ping_status":"open","template":"template-fullwidth.php","meta":{"footnotes":""},"class_list":["post-3243","page","type-page","status-publish","hentry","no-thumb"],"_links":{"self":[{"href":"https:\/\/www.hidrocarburos.chubut.gov.ar\/index.php?rest_route=\/wp\/v2\/pages\/3243","targetHints":{"allow":["GET"]}}],"collection":[{"href":"https:\/\/www.hidrocarburos.chubut.gov.ar\/index.php?rest_route=\/wp\/v2\/pages"}],"about":[{"href":"https:\/\/www.hidrocarburos.chubut.gov.ar\/index.php?rest_route=\/wp\/v2\/types\/page"}],"author":[{"embeddable":true,"href":"https:\/\/www.hidrocarburos.chubut.gov.ar\/index.php?rest_route=\/wp\/v2\/users\/1"}],"replies":[{"embeddable":true,"href":"https:\/\/www.hidrocarburos.chubut.gov.ar\/index.php?rest_route=%2Fwp%2Fv2%2Fcomments&post=3243"}],"version-history":[{"count":26,"href":"https:\/\/www.hidrocarburos.chubut.gov.ar\/index.php?rest_route=\/wp\/v2\/pages\/3243\/revisions"}],"predecessor-version":[{"id":3416,"href":"https:\/\/www.hidrocarburos.chubut.gov.ar\/index.php?rest_route=\/wp\/v2\/pages\/3243\/revisions\/3416"}],"wp:attachment":[{"href":"https:\/\/www.hidrocarburos.chubut.gov.ar\/index.php?rest_route=%2Fwp%2Fv2%2Fmedia&parent=3243"}],"curies":[{"name":"wp","href":"https:\/\/api.w.org\/{rel}","templated":true}]}}