{"id":3234,"date":"2023-09-11T10:45:51","date_gmt":"2023-09-11T13:45:51","guid":{"rendered":"https:\/\/www.hidrocarburos.chubut.gov.ar\/?page_id=3234"},"modified":"2026-01-13T13:31:00","modified_gmt":"2026-01-13T16:31:00","slug":"actividad-hidrocarburifera-convencional","status":"publish","type":"page","link":"https:\/\/www.hidrocarburos.chubut.gov.ar\/?page_id=3234","title":{"rendered":"ACTIVIDAD HIDROCARBUR\u00cdFERA CONVENCIONAL"},"content":{"rendered":"<section class=\"wpb-content-wrapper\"><p>[vc_row][vc_column width=&#8221;1\/2&#8243; css=&#8221;.vc_custom_1711381992947{margin-top: 50px !important;margin-bottom: 100px !important;}&#8221;][vc_column_text css=&#8221;.vc_custom_1768321764571{margin-top: 50px !important;}&#8221;]<\/p>\n<h3><strong>119 a\u00f1os de actividad<\/strong><\/h3>\n<p>Campos Maduros<br \/>\nEstudios no convencionales<br \/>\n<strong>22,7%<\/strong> Producci\u00f3n OIL del pa\u00eds<br \/>\n<strong>22%<\/strong> Mercado externo<br \/>\n<strong>78%<\/strong> Mercado interno<br \/>\n<strong>6551<\/strong> Pozos en producci\u00f3n<br \/>\n<strong>2138<\/strong> Pozos en inyecci\u00f3n<br \/>\n<strong>290.130 m3<\/strong> Capacidad de almacenaje en\u00a0 planta TERMAP[\/vc_column_text][\/vc_column][vc_column width=&#8221;1\/2&#8243;][vc_single_image image=&#8221;3334&#8243; img_size=&#8221;600&#215;400&#8243; alignment=&#8221;center&#8221; css=&#8221;.vc_custom_1711382360474{margin-top: 50px !important;margin-bottom: 100px !important;}&#8221;][\/vc_column][\/vc_row]<\/p>\n<\/section>","protected":false},"excerpt":{"rendered":"<p>[vc_row][vc_column width=&#8221;1\/2&#8243; css=&#8221;.vc_custom_1711381992947{margin-top: 50px !important;margin-bottom: 100px !important;}&#8221;][vc_column_text css=&#8221;.vc_custom_1768321764571{margin-top: 50px !important;}&#8221;] 119 a\u00f1os de actividad Campos Maduros Estudios no convencionales 22,7% Producci\u00f3n OIL del pa\u00eds 22% Mercado externo 78% Mercado interno&hellip;<\/p>\n","protected":false},"author":1,"featured_media":0,"parent":0,"menu_order":0,"comment_status":"open","ping_status":"open","template":"template-fullwidth.php","meta":{"footnotes":""},"class_list":["post-3234","page","type-page","status-publish","hentry","no-thumb"],"_links":{"self":[{"href":"https:\/\/www.hidrocarburos.chubut.gov.ar\/index.php?rest_route=\/wp\/v2\/pages\/3234","targetHints":{"allow":["GET"]}}],"collection":[{"href":"https:\/\/www.hidrocarburos.chubut.gov.ar\/index.php?rest_route=\/wp\/v2\/pages"}],"about":[{"href":"https:\/\/www.hidrocarburos.chubut.gov.ar\/index.php?rest_route=\/wp\/v2\/types\/page"}],"author":[{"embeddable":true,"href":"https:\/\/www.hidrocarburos.chubut.gov.ar\/index.php?rest_route=\/wp\/v2\/users\/1"}],"replies":[{"embeddable":true,"href":"https:\/\/www.hidrocarburos.chubut.gov.ar\/index.php?rest_route=%2Fwp%2Fv2%2Fcomments&post=3234"}],"version-history":[{"count":17,"href":"https:\/\/www.hidrocarburos.chubut.gov.ar\/index.php?rest_route=\/wp\/v2\/pages\/3234\/revisions"}],"predecessor-version":[{"id":3495,"href":"https:\/\/www.hidrocarburos.chubut.gov.ar\/index.php?rest_route=\/wp\/v2\/pages\/3234\/revisions\/3495"}],"wp:attachment":[{"href":"https:\/\/www.hidrocarburos.chubut.gov.ar\/index.php?rest_route=%2Fwp%2Fv2%2Fmedia&parent=3234"}],"curies":[{"name":"wp","href":"https:\/\/api.w.org\/{rel}","templated":true}]}}