{"id":3186,"date":"2023-09-10T19:17:11","date_gmt":"2023-09-10T22:17:11","guid":{"rendered":"https:\/\/www.hidrocarburos.chubut.gov.ar\/?page_id=3186"},"modified":"2024-04-09T12:34:52","modified_gmt":"2024-04-09T15:34:52","slug":"transicion-energetica","status":"publish","type":"page","link":"https:\/\/www.hidrocarburos.chubut.gov.ar\/?page_id=3186","title":{"rendered":"TRANSICI\u00d3N ENERG\u00c9TICA"},"content":{"rendered":"<section class=\"wpb-content-wrapper\"><p>[vc_row css=&#8221;.vc_custom_1486635938421{padding-top: 80px !important;padding-bottom: 80px !important;}&#8221;][vc_column width=&#8221;1\/2&#8243; el_class=&#8221;fp-about-desc&#8221; css=&#8221;.vc_custom_1479962247750{padding-left: 45px !important;}&#8221;][vc_column_text css=&#8221;.vc_custom_1694383273545{margin-bottom: 30px !important;}&#8221; el_class=&#8221;fp-main-text&#8221;]<\/p>\n<p class=\"main-color\" style=\"line-height: 40px; font-size: 30px; font-weight: 400;\">Transici\u00f3n Energ\u00e9tica<\/p>\n<p>[\/vc_column_text][vc_column_text css=&#8221;.vc_custom_1694443851873{margin-bottom: 30px !important;}&#8221;]Por las caracter\u00edsticas propias de la zona, la Patagonia cuenta con las condiciones propicias para el desarrollo de energ\u00edas convencionales y alternativas. La regi\u00f3n cuenta con el potencial para convertirse cada vez m\u00e1s en un polo clave para el crecimiento econ\u00f3mico e industrial del pa\u00eds a trav\u00e9s del sector energ\u00e9tico[\/vc_column_text][\/vc_column][vc_column width=&#8221;1\/2&#8243;][vc_images_carousel images=&#8221;3199,3198,3197&#8243; img_size=&#8221;full&#8221; onclick=&#8221;link_no&#8221; speed=&#8221;3500&#8243; autoplay=&#8221;yes&#8221; wrap=&#8221;yes&#8221; css_animation=&#8221;fadeIn&#8221;][\/vc_column][\/vc_row][vc_row][vc_column][\/vc_column][\/vc_row][vc_row][vc_column width=&#8221;1\/2&#8243;][vc_column_text]<\/p>\n<h2 style=\"text-align: center;\">Energ\u00eda verde<\/h2>\n<h3 style=\"text-align: center;\">HIDR\u00d3GENO<\/h3>\n<p>&nbsp;<\/p>\n<p>Proyecto HYCHICO, ubicado a 20 km del centro de Comodoro Rivadavia, produce hidr\u00f3geno por electr\u00f3lisis a partir de energ\u00eda e\u00f3lica, cuenta con el \u00fanico sistema de tuber\u00edas de H2 de Am\u00e9rica latina (2,3 km) y una instalaci\u00f3n de almacenamiento geol\u00f3gico para H2.<\/p>\n<p>Cuenta con 2 electrolizadores con una capacidad total de 120 Nm3\/h de ox\u00edgeno. El H2 producido es de alta pureza (99.998 %), que es mezclado con gas natural para alimentar un moto-generador de 4,4 MW.<br \/>\nLa pureza del H2 es apto para su uso en Celdas de Combustible.<\/p>\n<p><strong>2023 CHUBUT PRODUJO 3 MILLONES NM3 de H2 verde<\/strong>[\/vc_column_text][\/vc_column][vc_column width=&#8221;1\/2&#8243;][vc_column_text]<\/p>\n<h2 style=\"text-align: center;\">Energ\u00eda E\u00f3lica<\/h2>\n<h3 style=\"text-align: center;\">PARQUES E\u00d3LICOS<\/h3>\n<p>&nbsp;<\/p>\n<p style=\"text-align: center;\"><strong>PROVINCIA<\/strong><br \/>\n23 PARQUES E\u00d3LICOS<\/p>\n<p style=\"text-align: center;\"><strong>CAPACIDADES<\/strong><br \/>\n1230 MW DE CAP. INSTALADA<\/p>\n<p style=\"text-align: center;\"><strong>FACTOR DE CAPACIDAD<\/strong><br \/>\n49% DE CAP. MEDIA<\/p>\n<p style=\"text-align: center;\"><strong>M\u00c1S DE 365 TURBINAS EN FUNCIONAMIENTO<\/strong><\/p>\n<p>[\/vc_column_text][\/vc_column][\/vc_row][vc_row][vc_column][vc_empty_space][\/vc_column][\/vc_row][vc_row][vc_column][vc_empty_space][\/vc_column][\/vc_row]<\/p>\n<\/section>","protected":false},"excerpt":{"rendered":"<p>[vc_row css=&#8221;.vc_custom_1486635938421{padding-top: 80px !important;padding-bottom: 80px !important;}&#8221;][vc_column width=&#8221;1\/2&#8243; el_class=&#8221;fp-about-desc&#8221; css=&#8221;.vc_custom_1479962247750{padding-left: 45px !important;}&#8221;][vc_column_text css=&#8221;.vc_custom_1694383273545{margin-bottom: 30px !important;}&#8221; el_class=&#8221;fp-main-text&#8221;] Transici\u00f3n Energ\u00e9tica [\/vc_column_text][vc_column_text css=&#8221;.vc_custom_1694443851873{margin-bottom: 30px !important;}&#8221;]Por las caracter\u00edsticas propias de la zona, la Patagonia cuenta&hellip;<\/p>\n","protected":false},"author":1,"featured_media":0,"parent":0,"menu_order":0,"comment_status":"open","ping_status":"open","template":"template-fullwidth.php","meta":{"footnotes":""},"class_list":["post-3186","page","type-page","status-publish","hentry","no-thumb"],"_links":{"self":[{"href":"https:\/\/www.hidrocarburos.chubut.gov.ar\/index.php?rest_route=\/wp\/v2\/pages\/3186","targetHints":{"allow":["GET"]}}],"collection":[{"href":"https:\/\/www.hidrocarburos.chubut.gov.ar\/index.php?rest_route=\/wp\/v2\/pages"}],"about":[{"href":"https:\/\/www.hidrocarburos.chubut.gov.ar\/index.php?rest_route=\/wp\/v2\/types\/page"}],"author":[{"embeddable":true,"href":"https:\/\/www.hidrocarburos.chubut.gov.ar\/index.php?rest_route=\/wp\/v2\/users\/1"}],"replies":[{"embeddable":true,"href":"https:\/\/www.hidrocarburos.chubut.gov.ar\/index.php?rest_route=%2Fwp%2Fv2%2Fcomments&post=3186"}],"version-history":[{"count":13,"href":"https:\/\/www.hidrocarburos.chubut.gov.ar\/index.php?rest_route=\/wp\/v2\/pages\/3186\/revisions"}],"predecessor-version":[{"id":3359,"href":"https:\/\/www.hidrocarburos.chubut.gov.ar\/index.php?rest_route=\/wp\/v2\/pages\/3186\/revisions\/3359"}],"wp:attachment":[{"href":"https:\/\/www.hidrocarburos.chubut.gov.ar\/index.php?rest_route=%2Fwp%2Fv2%2Fmedia&parent=3186"}],"curies":[{"name":"wp","href":"https:\/\/api.w.org\/{rel}","templated":true}]}}