{"id":3160,"date":"2023-09-10T17:42:20","date_gmt":"2023-09-10T20:42:20","guid":{"rendered":"https:\/\/www.hidrocarburos.chubut.gov.ar\/?page_id=3160"},"modified":"2026-01-13T12:28:34","modified_gmt":"2026-01-13T15:28:34","slug":"mision-2","status":"publish","type":"page","link":"https:\/\/www.hidrocarburos.chubut.gov.ar\/?page_id=3160","title":{"rendered":"MISI\u00d3N"},"content":{"rendered":"<section class=\"wpb-content-wrapper\"><p>[vc_row css=&#8221;.vc_custom_1486635938421{padding-top: 80px !important;padding-bottom: 80px !important;}&#8221;][vc_column width=&#8221;1\/2&#8243; el_class=&#8221;fp-about-desc&#8221; css=&#8221;.vc_custom_1479962247750{padding-left: 45px !important;}&#8221;][vc_column_text css=&#8221;.vc_custom_1768317981263{margin-bottom: 30px !important;}&#8221;]<span style=\"font-size: small;\">La Direcci\u00f3n General de Minas y Geolog\u00eda tiene a su cargo la supervisi\u00f3n y el fortalecimiento del desarrollo minero en la provincia, garantizando pr\u00e1cticas responsables y acordes a la normativa vigente. Entre sus principales funciones se destacan:<\/span><\/p>\n<ul>\n<li><span style=\"font-size: small;\"><b>Supervisar y controlar<\/b><\/span><span style=\"font-size: small;\"> las actividades de exploraci\u00f3n y explotaci\u00f3n minera, asegurando el cumplimiento de los est\u00e1ndares t\u00e9cnicos, ambientales y de seguridad.<\/span><\/li>\n<li><span style=\"font-size: small;\"><b>Promover una actividad minera limpia, controlada y sustentable<\/b><\/span><span style=\"font-size: small;\">, impulsando el uso responsable de los recursos y el respeto por el entorno.<\/span><\/li>\n<li><span style=\"font-size: small;\"><b>Facilitar la comunicaci\u00f3n entre superficiarios y empresas<\/b><\/span><span style=\"font-size: small;\">, actuando como mediadora para promover el di\u00e1logo y resolver conflictos.<\/span><\/li>\n<li><span style=\"font-size: small;\"><b>Dise\u00f1ar y ejecutar planes sociales mineros<\/b><\/span><span style=\"font-size: small;\"> que acompa\u00f1en el desarrollo local y contribuyan al bienestar de las comunidades.<\/span><\/li>\n<li><span style=\"font-size: small;\"><b>Administrar y actualizar el Registro Catastral Minero<\/b><\/span><span style=\"font-size: small;\">, garantizando informaci\u00f3n precisa y accesible sobre los derechos mineros.<\/span><\/li>\n<li><span style=\"font-size: small;\"><b>Ejercer la autoridad de aplicaci\u00f3n<\/b><\/span><span style=\"font-size: small;\"> en todas las materias delegadas por el C\u00f3digo de Miner\u00eda y por las normas nacionales y provinciales vigentes.<\/span><\/li>\n<\/ul>\n<p>[\/vc_column_text][\/vc_column][vc_column width=&#8221;1\/2&#8243; el_class=&#8221;top-spacing&#8221;][vc_images_carousel images=&#8221;3164,3256,3257&#8243; img_size=&#8221;full&#8221; speed=&#8221;3500&#8243; autoplay=&#8221;yes&#8221; wrap=&#8221;yes&#8221;][\/vc_column][\/vc_row]<\/p>\n<\/section>","protected":false},"excerpt":{"rendered":"<p>[vc_row css=&#8221;.vc_custom_1486635938421{padding-top: 80px !important;padding-bottom: 80px !important;}&#8221;][vc_column width=&#8221;1\/2&#8243; el_class=&#8221;fp-about-desc&#8221; css=&#8221;.vc_custom_1479962247750{padding-left: 45px !important;}&#8221;][vc_column_text css=&#8221;.vc_custom_1768317981263{margin-bottom: 30px !important;}&#8221;]La Direcci\u00f3n General de Minas y Geolog\u00eda tiene a su cargo la supervisi\u00f3n y el fortalecimiento del&hellip;<\/p>\n","protected":false},"author":1,"featured_media":0,"parent":0,"menu_order":0,"comment_status":"open","ping_status":"open","template":"template-fullwidth.php","meta":{"footnotes":""},"class_list":["post-3160","page","type-page","status-publish","hentry","no-thumb"],"_links":{"self":[{"href":"https:\/\/www.hidrocarburos.chubut.gov.ar\/index.php?rest_route=\/wp\/v2\/pages\/3160","targetHints":{"allow":["GET"]}}],"collection":[{"href":"https:\/\/www.hidrocarburos.chubut.gov.ar\/index.php?rest_route=\/wp\/v2\/pages"}],"about":[{"href":"https:\/\/www.hidrocarburos.chubut.gov.ar\/index.php?rest_route=\/wp\/v2\/types\/page"}],"author":[{"embeddable":true,"href":"https:\/\/www.hidrocarburos.chubut.gov.ar\/index.php?rest_route=\/wp\/v2\/users\/1"}],"replies":[{"embeddable":true,"href":"https:\/\/www.hidrocarburos.chubut.gov.ar\/index.php?rest_route=%2Fwp%2Fv2%2Fcomments&post=3160"}],"version-history":[{"count":7,"href":"https:\/\/www.hidrocarburos.chubut.gov.ar\/index.php?rest_route=\/wp\/v2\/pages\/3160\/revisions"}],"predecessor-version":[{"id":3471,"href":"https:\/\/www.hidrocarburos.chubut.gov.ar\/index.php?rest_route=\/wp\/v2\/pages\/3160\/revisions\/3471"}],"wp:attachment":[{"href":"https:\/\/www.hidrocarburos.chubut.gov.ar\/index.php?rest_route=%2Fwp%2Fv2%2Fmedia&parent=3160"}],"curies":[{"name":"wp","href":"https:\/\/api.w.org\/{rel}","templated":true}]}}