{"id":3138,"date":"2023-09-10T16:41:03","date_gmt":"2023-09-10T19:41:03","guid":{"rendered":"https:\/\/www.hidrocarburos.chubut.gov.ar\/?page_id=3138"},"modified":"2026-01-14T12:04:17","modified_gmt":"2026-01-14T15:04:17","slug":"mision","status":"publish","type":"page","link":"https:\/\/www.hidrocarburos.chubut.gov.ar\/?page_id=3138","title":{"rendered":"MISI\u00d3N"},"content":{"rendered":"<section class=\"wpb-content-wrapper\"><p>[vc_row css=&#8221;.vc_custom_1694388029002{padding-top: 80px !important;padding-bottom: 80px !important;}&#8221;][vc_column width=&#8221;1\/2&#8243; el_class=&#8221;fp-about-desc&#8221; css=&#8221;.vc_custom_1479962247750{padding-left: 45px !important;}&#8221;][vc_column_text css=&#8221;.vc_custom_1768402772808{margin-bottom: 30px !important;}&#8221;]<span style=\"font-size: small;\"><b>Misi\u00f3n <\/b><\/span><\/p>\n<p><a name=\"_GoBack\"><\/a> <span style=\"font-size: small;\"><b>La Subsecretar\u00eda de Hidrocarburos, a trav\u00e9s de sus distintas \u00e1reas, se encarga de: <\/b><\/span><\/p>\n<ul>\n<li><span style=\"font-size: small;\"><b>Asegurar la formulaci\u00f3n e implementaci\u00f3n de pol\u00edticas, planes y programas que, en un marco jur\u00eddico, ambiental e impositivo adecuado, promuevan el desarrollo sustentable del sector hidrocarbur\u00edfero.<\/b><\/span><\/li>\n<li><span style=\"font-size: small;\"><b>Impulsar la exploraci\u00f3n y explotaci\u00f3n responsable de los recursos, favoreciendo el aprovechamiento integral de los yacimientos y su vinculaci\u00f3n con actividades e industrias derivadas.<\/b><\/span><\/li>\n<li><span style=\"font-size: small;\"><b>Fomentar la inversi\u00f3n de capital, el fortalecimiento de servicios e infraestructuras asociadas, contribuyendo al incremento de la participaci\u00f3n del sector en el Producto Bruto Geogr\u00e1fico provincial, promoviendo a su vez la generaci\u00f3n de empleo de calidad.<\/b><\/span><\/li>\n<\/ul>\n<p>[\/vc_column_text][\/vc_column][vc_column width=&#8221;1\/2&#8243; el_class=&#8221;top-spacing&#8221;][vc_images_carousel images=&#8221;3215,3251,3252,3253&#8243; img_size=&#8221;full&#8221; speed=&#8221;3500&#8243; autoplay=&#8221;yes&#8221; wrap=&#8221;yes&#8221;][\/vc_column][\/vc_row]<\/p>\n<\/section>","protected":false},"excerpt":{"rendered":"<p>[vc_row css=&#8221;.vc_custom_1694388029002{padding-top: 80px !important;padding-bottom: 80px !important;}&#8221;][vc_column width=&#8221;1\/2&#8243; el_class=&#8221;fp-about-desc&#8221; css=&#8221;.vc_custom_1479962247750{padding-left: 45px !important;}&#8221;][vc_column_text css=&#8221;.vc_custom_1768402772808{margin-bottom: 30px !important;}&#8221;]Misi\u00f3n La Subsecretar\u00eda de Hidrocarburos, a trav\u00e9s de sus distintas \u00e1reas, se encarga de: Asegurar la formulaci\u00f3n&hellip;<\/p>\n","protected":false},"author":1,"featured_media":0,"parent":0,"menu_order":0,"comment_status":"open","ping_status":"open","template":"template-fullwidth.php","meta":{"footnotes":""},"class_list":["post-3138","page","type-page","status-publish","hentry","no-thumb"],"_links":{"self":[{"href":"https:\/\/www.hidrocarburos.chubut.gov.ar\/index.php?rest_route=\/wp\/v2\/pages\/3138","targetHints":{"allow":["GET"]}}],"collection":[{"href":"https:\/\/www.hidrocarburos.chubut.gov.ar\/index.php?rest_route=\/wp\/v2\/pages"}],"about":[{"href":"https:\/\/www.hidrocarburos.chubut.gov.ar\/index.php?rest_route=\/wp\/v2\/types\/page"}],"author":[{"embeddable":true,"href":"https:\/\/www.hidrocarburos.chubut.gov.ar\/index.php?rest_route=\/wp\/v2\/users\/1"}],"replies":[{"embeddable":true,"href":"https:\/\/www.hidrocarburos.chubut.gov.ar\/index.php?rest_route=%2Fwp%2Fv2%2Fcomments&post=3138"}],"version-history":[{"count":12,"href":"https:\/\/www.hidrocarburos.chubut.gov.ar\/index.php?rest_route=\/wp\/v2\/pages\/3138\/revisions"}],"predecessor-version":[{"id":3497,"href":"https:\/\/www.hidrocarburos.chubut.gov.ar\/index.php?rest_route=\/wp\/v2\/pages\/3138\/revisions\/3497"}],"wp:attachment":[{"href":"https:\/\/www.hidrocarburos.chubut.gov.ar\/index.php?rest_route=%2Fwp%2Fv2%2Fmedia&parent=3138"}],"curies":[{"name":"wp","href":"https:\/\/api.w.org\/{rel}","templated":true}]}}