{"id":3066,"date":"2023-09-07T07:22:34","date_gmt":"2023-09-07T10:22:34","guid":{"rendered":"https:\/\/www.hidrocarburos.chubut.gov.ar\/?page_id=3066"},"modified":"2026-01-16T09:54:14","modified_gmt":"2026-01-16T12:54:14","slug":"registro-empresas","status":"publish","type":"page","link":"https:\/\/www.hidrocarburos.chubut.gov.ar\/?page_id=3066","title":{"rendered":"Registro empresas"},"content":{"rendered":"<section class=\"wpb-content-wrapper\"><p>[vc_row][vc_column][vc_column_text css=&#8221;.vc_custom_1717100856583{padding-top: 50px !important;}&#8221;]La inscripci\u00f3n o reinscripci\u00f3n en el Registro Provincial de Empresas Hidrocarbur\u00edferas, seg\u00fan establece la Resol. 21\/14.MHC y 20\/2021.MHC, se realiza de forma virtual, seg\u00fan Res. 01\/23.MHC. Los requisitos para realizar el tr\u00e1mite son:<\/p>\n<p>1) completar los formularios DDJJ<br \/>\n2) Digitalizar la documentaci\u00f3n requerida<br \/>\n3) Pago de la tasa correspondiente.<\/p>\n<p>Una vez completos los requisitos, enviar la documentaci\u00f3n a la casilla de correo: registrodeempresas.mhc@chubut.gov.ar. Se recomienda antes de iniciar el tr\u00e1mite, ponerse en contacto por la misma v\u00eda ante cualquier duda.[\/vc_column_text][\/vc_column][\/vc_row][vc_row][vc_column][vc_column_text css=&#8221;.vc_custom_1717099332112{padding-top: 40px !important;}&#8221;]<\/p>\n<h4>NORMATIVAS VIGENTES<\/h4>\n<p>[\/vc_column_text][vc_empty_space][\/vc_column][vc_column width=&#8221;1\/3&#8243;][vc_btn title=&#8221;DECRETO N\u00b0 1292\/08&#8243; style=&#8221;custom&#8221; custom_background=&#8221;#1c728b&#8221; custom_text=&#8221;#ffffff&#8221; i_icon_fontawesome=&#8221;fas fa-file-pdf&#8221; add_icon=&#8221;true&#8221; link=&#8221;url:https%3A%2F%2Fdrive.google.com%2Ffile%2Fd%2F1eSOTlWD5TMOo8k_ZnSDzOpjc8tKm1kFy%2Fview%3Fusp%3Dsharing|target:_blank&#8221;][vc_btn title=&#8221;RESOLUCI\u00d3N N\u00b0 21\/14.MHC&#8221; style=&#8221;custom&#8221; custom_background=&#8221;#1c728b&#8221; custom_text=&#8221;#ffffff&#8221; i_icon_fontawesome=&#8221;fas fa-file-pdf&#8221; add_icon=&#8221;true&#8221; link=&#8221;url:https%3A%2F%2Fdrive.google.com%2Ffile%2Fd%2F1dlnF2r8uXniIhI-iil9_NZqp5MPJ7-iG%2Fview%3Fusp%3Dsharing|target:_blank&#8221;][vc_btn title=&#8221;RESOLUCI\u00d3N N\u00b020\/21.MHC&#8221; style=&#8221;custom&#8221; custom_background=&#8221;#1c728b&#8221; custom_text=&#8221;#ffffff&#8221; i_icon_fontawesome=&#8221;fas fa-file-pdf&#8221; add_icon=&#8221;true&#8221; link=&#8221;url:https%3A%2F%2Fdrive.google.com%2Ffile%2Fd%2F168V2_yv38VYmaMuDUVrrEwd5eekVPBWV%2Fview%3Fusp%3Dsharing|target:_blank&#8221;][vc_btn title=&#8221;RESOLUCI\u00d3N N\u00b0 01\/03.MHC&#8221; style=&#8221;custom&#8221; custom_background=&#8221;#1c728b&#8221; custom_text=&#8221;#ffffff&#8221; i_icon_fontawesome=&#8221;fas fa-file-pdf&#8221; add_icon=&#8221;true&#8221; link=&#8221;url:https%3A%2F%2Fdrive.google.com%2Ffile%2Fd%2F1N2y4hW6bZ8y5XXzGC7SPXcVGyEXXdez8%2Fview%3Fusp%3Dsharing|target:_blank&#8221;][\/vc_column][vc_column width=&#8221;2\/3&#8243;][\/vc_column][\/vc_row][vc_row][vc_column][vc_column_text css=&#8221;.vc_custom_1717100844487{padding-top: 10px !important;}&#8221;]<\/p>\n<h4>REQUISITOS<\/h4>\n<p>[\/vc_column_text][vc_empty_space][\/vc_column][vc_column width=&#8221;1\/4&#8243;][vc_btn title=&#8221;CHECK LIST PERSONAS JURIDICAS Y F\u00cdSICAS&#8221; style=&#8221;custom&#8221; custom_background=&#8221;#1c728b&#8221; custom_text=&#8221;#ffffff&#8221; i_icon_fontawesome=&#8221;fas fa-file-pdf&#8221; add_icon=&#8221;true&#8221; link=&#8221;url:https%3A%2F%2Fdrive.google.com%2Ffile%2Fd%2F1zDiz75y-e-gjgakFl0dUi7sZjiPNPIFE%2Fview%3Fusp%3Dsharing|target:_blank&#8221;][vc_btn title=&#8221;INSTRUCTIVO DE PAGO DE TASA&#8221; style=&#8221;custom&#8221; custom_background=&#8221;#1c728b&#8221; custom_text=&#8221;#ffffff&#8221; i_icon_fontawesome=&#8221;fas fa-file-pdf&#8221; add_icon=&#8221;true&#8221; link=&#8221;url:https%3A%2F%2Fdrive.google.com%2Ffile%2Fd%2F1ZbPGYFNxYnRzi2RZrjkI9mMV-RwaJYJt%2Fview%3Fusp%3Ddrive_link|target:_blank&#8221;][\/vc_column][vc_column width=&#8221;3\/3&#8243;][vc_column_text css=&#8221;.vc_custom_1717099774919{padding-top: 40px !important;}&#8221;]<\/p>\n<h4>FORMULARIO DE INSCRIPCI\u00d3N<\/h4>\n<p>[\/vc_column_text][\/vc_column][\/vc_row][vc_row][vc_column][vc_empty_space][\/vc_column][vc_column width=&#8221;1\/3&#8243;][vc_btn title=&#8221;FORMULARIO DDJJ&#8221; style=&#8221;custom&#8221; custom_background=&#8221;#1c728b&#8221; custom_text=&#8221;#ffffff&#8221; i_icon_fontawesome=&#8221;fas fa-file-excel&#8221; add_icon=&#8221;true&#8221; link=&#8221;url:https%3A%2F%2Fdocs.google.com%2Fspreadsheets%2Fd%2F1NPi386scuATPDqmrQlhDG-4PllOisRMS%2Fedit%3Fusp%3Dsharing%26ouid%3D115913760104532391287%26rtpof%3Dtrue%26sd%3Dtrue|target:_blank&#8221;][vc_btn title=&#8221;FORMULARIO DDJJ PRESENTACI\u00d3N DE DOCUMENTACI\u00d3N&#8221; style=&#8221;custom&#8221; custom_background=&#8221;#1c728b&#8221; custom_text=&#8221;#ffffff&#8221; i_icon_fontawesome=&#8221;fas fa-file-excel&#8221; add_icon=&#8221;true&#8221; link=&#8221;url:https%3A%2F%2Fdrive.google.com%2Ffile%2Fd%2F1bV3TkyG2l_031vMRDnHfQ5UnFGu5stT6%2Fview%3Fusp%3Dsharing|target:_blank&#8221;][\/vc_column][vc_column width=&#8221;2\/3&#8243;][\/vc_column][\/vc_row]<\/p>\n<\/section>","protected":false},"excerpt":{"rendered":"<p>[vc_row][vc_column][vc_column_text css=&#8221;.vc_custom_1717100856583{padding-top: 50px !important;}&#8221;]La inscripci\u00f3n o reinscripci\u00f3n en el Registro Provincial de Empresas Hidrocarbur\u00edferas, seg\u00fan establece la Resol. 21\/14.MHC y 20\/2021.MHC, se realiza de forma virtual, seg\u00fan Res. 01\/23.MHC. Los&hellip;<\/p>\n","protected":false},"author":1,"featured_media":0,"parent":0,"menu_order":0,"comment_status":"closed","ping_status":"closed","template":"template-fullwidth.php","meta":{"footnotes":""},"class_list":["post-3066","page","type-page","status-publish","hentry","no-thumb"],"_links":{"self":[{"href":"https:\/\/www.hidrocarburos.chubut.gov.ar\/index.php?rest_route=\/wp\/v2\/pages\/3066","targetHints":{"allow":["GET"]}}],"collection":[{"href":"https:\/\/www.hidrocarburos.chubut.gov.ar\/index.php?rest_route=\/wp\/v2\/pages"}],"about":[{"href":"https:\/\/www.hidrocarburos.chubut.gov.ar\/index.php?rest_route=\/wp\/v2\/types\/page"}],"author":[{"embeddable":true,"href":"https:\/\/www.hidrocarburos.chubut.gov.ar\/index.php?rest_route=\/wp\/v2\/users\/1"}],"replies":[{"embeddable":true,"href":"https:\/\/www.hidrocarburos.chubut.gov.ar\/index.php?rest_route=%2Fwp%2Fv2%2Fcomments&post=3066"}],"version-history":[{"count":30,"href":"https:\/\/www.hidrocarburos.chubut.gov.ar\/index.php?rest_route=\/wp\/v2\/pages\/3066\/revisions"}],"predecessor-version":[{"id":3505,"href":"https:\/\/www.hidrocarburos.chubut.gov.ar\/index.php?rest_route=\/wp\/v2\/pages\/3066\/revisions\/3505"}],"wp:attachment":[{"href":"https:\/\/www.hidrocarburos.chubut.gov.ar\/index.php?rest_route=%2Fwp%2Fv2%2Fmedia&parent=3066"}],"curies":[{"name":"wp","href":"https:\/\/api.w.org\/{rel}","templated":true}]}}