{"id":1064,"date":"2013-03-15T17:56:11","date_gmt":"2013-03-15T22:56:11","guid":{"rendered":"http:\/\/wptest.io\/demo\/?page_id=1064"},"modified":"2026-01-13T12:22:33","modified_gmt":"2026-01-13T15:22:33","slug":"home","status":"publish","type":"page","link":"https:\/\/www.hidrocarburos.chubut.gov.ar\/","title":{"rendered":"Home"},"content":{"rendered":"<section class=\"wpb-content-wrapper\"><p>[vc_row full_width=&#8221;stretch_row_content_no_spaces&#8221;][vc_column][rev_slider_vc alias=&#8221;slider_homepage_1&#8243;][vc_row_inner css=&#8221;.vc_custom_1693822018053{margin-top: 100px !important;}&#8221;][vc_column_inner width=&#8221;1\/3&#8243; css=&#8221;.vc_custom_1717636990029{padding-left: 100px !important;}&#8221;][vc_single_image image=&#8221;3347&#8243; img_size=&#8221;150&#215;150&#8243; alignment=&#8221;center&#8221; onclick=&#8221;custom_link&#8221; css=&#8221;.vc_custom_1717636975378{margin-top: 20px !important;}&#8221; link=&#8221;https:\/\/www.hidrocarburos.chubut.gov.ar\/?page_id=3138&#8243;][vc_column_text css=&#8221;.vc_custom_1693821990985{margin-top: 20px !important;}&#8221;]<\/p>\n<p style=\"text-align: center;\"><strong>HIDROCARBUROS<\/strong><\/p>\n<p>[\/vc_column_text][\/vc_column_inner][vc_column_inner width=&#8221;1\/3&#8243;][vc_single_image image=&#8221;3348&#8243; img_size=&#8221;150&#215;150&#8243; alignment=&#8221;center&#8221; onclick=&#8221;custom_link&#8221; css=&#8221;.vc_custom_1717636944481{margin-top: 20px !important;}&#8221; link=&#8221;https:\/\/www.hidrocarburos.chubut.gov.ar\/?page_id=3160&#8243;][vc_column_text css=&#8221;.vc_custom_1693821974775{margin-top: 20px !important;}&#8221;]<\/p>\n<p style=\"text-align: center;\"><strong>MINER\u00cdA<\/strong><\/p>\n<p>[\/vc_column_text][\/vc_column_inner][vc_column_inner width=&#8221;1\/3&#8243; css=&#8221;.vc_custom_1717637010557{padding-right: 100px !important;}&#8221;][vc_single_image image=&#8221;3344&#8243; img_size=&#8221;150&#215;150&#8243; alignment=&#8221;center&#8221; onclick=&#8221;custom_link&#8221; css=&#8221;.vc_custom_1717636953284{margin-top: 20px !important;}&#8221; link=&#8221;https:\/\/www.hidrocarburos.chubut.gov.ar\/?page_id=3186&#8243;][vc_column_text css=&#8221;.vc_custom_1693822007486{margin-top: 20px !important;}&#8221;]<\/p>\n<p style=\"text-align: center;\"><strong>TRANSICI\u00d3N ENERG\u00c9TICA<br \/>\n<\/strong>[\/vc_column_text][\/vc_column_inner][\/vc_row_inner][vc_row_inner][vc_column_inner][vc_empty_space height=&#8221;100px&#8221;][\/vc_column_inner][\/vc_row_inner][vc_row_inner content_placement=&#8221;middle&#8221;][vc_column_inner width=&#8221;1\/6&#8243;][\/vc_column_inner][vc_column_inner width=&#8221;1\/4&#8243;]<div class=\"fp-section-title clearfix  \">\n                <h2>Ministerio de Hidrocarburos<\/h2>\n                \n            <\/div>[vc_column_text css=&#8221;.vc_custom_1768317666213{margin-top: -10px !important;margin-bottom: 35px !important;padding-right: 20px !important;}&#8221;]&nbsp;<\/p>\n<h3>MISI\u00d3N<\/h3>\n<p><strong><span style=\"font-size: small;\"><span lang=\"es-ES\">El Ministerio de Hidrocarburos del Chubut tiene como misi\u00f3n asistir al Gobernador de la Provincia en el dise\u00f1o y aplicaci\u00f3n de pol\u00edticas energ\u00e9ticas, y en la planificaci\u00f3n estrat\u00e9gica del aprovechamiento de los recursos hidrocarbur\u00edferos y mineros de la Provincia.<\/span><\/span><\/strong><\/p>\n<p><span style=\"font-size: small;\"><span lang=\"es-ES\"><b>En cumplimiento de sus responsabilidades, el Ministerio:<\/b><\/span><\/span><\/p>\n<p>\u2022<span style=\"font-size: small;\"><span lang=\"es-ES\"><b> Planifica y coordina los procesos de adjudicaci\u00f3n de \u00e1reas de concesi\u00f3n petrolera y minera.<\/b><\/span><\/span><\/p>\n<p>\u2022<span style=\"font-size: small;\"><span lang=\"es-ES\"><b> Controla el desarrollo racional y sustentable de las reservas concesionadas.<\/b><\/span><\/span><\/p>\n<p>\u2022<span style=\"font-size: small;\"><span lang=\"es-ES\"><b> Controla y fiscaliza permisos, concesiones y contratos de exploraci\u00f3n y explotaci\u00f3n de recursos hidrocarbur\u00edferos y mineros.<\/b><\/span><\/span><\/p>\n<p>\u2022<span style=\"font-size: small;\"><span lang=\"es-ES\"><b> Supervisa las actividades relacionadas con la exploraci\u00f3n, extracci\u00f3n, comercializaci\u00f3n e industrializaci\u00f3n de minerales, incluyendo hidrocarburos s\u00f3lidos, l\u00edquidos y gaseosos, as\u00ed como minerales nucleares.<\/b><\/span><\/span><\/p>\n<p>\u2022<span style=\"font-size: small;\"><span lang=\"es-ES\"><b> Controla la producci\u00f3n para garantizar el correcto cumplimiento del pago de c\u00e1nones, regal\u00edas, tasas de transporte y bonos de compensaci\u00f3n de hidrocarburos.<\/b><\/span><\/span><\/p>\n<p>\u2022<span style=\"font-size: small;\"><span lang=\"es-ES\"><b> Fiscaliza las pol\u00edticas de evaluaci\u00f3n y remediaci\u00f3n ambiental en coordinaci\u00f3n con la Secretar\u00eda de Ambiente y Control del Desarrollo Sustentable, asegurando la preservaci\u00f3n ambiental de las \u00e1reas productivas.<\/b><\/span><\/span><\/p>\n<p><span style=\"font-size: small;\"><span lang=\"es-ES\"><b>Mediante estas acciones, el Ministerio asegura la administraci\u00f3n responsable de los recursos naturales provinciales, y promueve el desarrollo econ\u00f3mico y ambiental sostenible.-<\/b><\/span><\/span>[\/vc_column_text][\/vc_column_inner][vc_column_inner width=&#8221;1\/2&#8243;][vc_raw_html]JTNDaWZyYW1lJTIwd2lkdGglM0QlMjI1NjAlMjIlMjBoZWlnaHQlM0QlMjIzMTUlMjIlMjBzcmMlM0QlMjJodHRwcyUzQSUyRiUyRnd3dy55b3V0dWJlLmNvbSUyRmVtYmVkJTJGTTNBeUg4ZW5uYVElM0ZzaSUzRGFfcDlSaWN2NnctM2h4UEUlMjIlMjB0aXRsZSUzRCUyMllvdVR1YmUlMjB2aWRlbyUyMHBsYXllciUyMiUyMGZyYW1lYm9yZGVyJTNEJTIyMCUyMiUyMGFsbG93JTNEJTIyYWNjZWxlcm9tZXRlciUzQiUyMGF1dG9wbGF5JTNCJTIwY2xpcGJvYXJkLXdyaXRlJTNCJTIwZW5jcnlwdGVkLW1lZGlhJTNCJTIwZ3lyb3Njb3BlJTNCJTIwcGljdHVyZS1pbi1waWN0dXJlJTNCJTIwd2ViLXNoYXJlJTIyJTIwYWxsb3dmdWxsc2NyZWVuJTNFJTNDJTJGaWZyYW1lJTNF[\/vc_raw_html][\/vc_column_inner][\/vc_row_inner][\/vc_column][\/vc_row][vc_row][vc_column][vc_empty_space height=&#8221;100px&#8221;][\/vc_column][\/vc_row]<\/p>\n<\/section>","protected":false},"excerpt":{"rendered":"<p>[vc_row full_width=&#8221;stretch_row_content_no_spaces&#8221;][vc_column][rev_slider_vc alias=&#8221;slider_homepage_1&#8243;][vc_row_inner css=&#8221;.vc_custom_1693822018053{margin-top: 100px !important;}&#8221;][vc_column_inner width=&#8221;1\/3&#8243; css=&#8221;.vc_custom_1717636990029{padding-left: 100px !important;}&#8221;][vc_single_image image=&#8221;3347&#8243; img_size=&#8221;150&#215;150&#8243; alignment=&#8221;center&#8221; onclick=&#8221;custom_link&#8221; css=&#8221;.vc_custom_1717636975378{margin-top: 20px !important;}&#8221; link=&#8221;https:\/\/www.hidrocarburos.chubut.gov.ar\/?page_id=3138&#8243;][vc_column_text css=&#8221;.vc_custom_1693821990985{margin-top: 20px !important;}&#8221;] HIDROCARBUROS [\/vc_column_text][\/vc_column_inner][vc_column_inner width=&#8221;1\/3&#8243;][vc_single_image image=&#8221;3348&#8243; img_size=&#8221;150&#215;150&#8243; alignment=&#8221;center&#8221; onclick=&#8221;custom_link&#8221; css=&#8221;.vc_custom_1717636944481{margin-top: 20px&hellip;<\/p>\n","protected":false},"author":1,"featured_media":0,"parent":0,"menu_order":0,"comment_status":"open","ping_status":"open","template":"template-homepage.php","meta":{"footnotes":""},"class_list":["post-1064","page","type-page","status-publish","hentry","no-thumb"],"_links":{"self":[{"href":"https:\/\/www.hidrocarburos.chubut.gov.ar\/index.php?rest_route=\/wp\/v2\/pages\/1064","targetHints":{"allow":["GET"]}}],"collection":[{"href":"https:\/\/www.hidrocarburos.chubut.gov.ar\/index.php?rest_route=\/wp\/v2\/pages"}],"about":[{"href":"https:\/\/www.hidrocarburos.chubut.gov.ar\/index.php?rest_route=\/wp\/v2\/types\/page"}],"author":[{"embeddable":true,"href":"https:\/\/www.hidrocarburos.chubut.gov.ar\/index.php?rest_route=\/wp\/v2\/users\/1"}],"replies":[{"embeddable":true,"href":"https:\/\/www.hidrocarburos.chubut.gov.ar\/index.php?rest_route=%2Fwp%2Fv2%2Fcomments&post=1064"}],"version-history":[{"count":63,"href":"https:\/\/www.hidrocarburos.chubut.gov.ar\/index.php?rest_route=\/wp\/v2\/pages\/1064\/revisions"}],"predecessor-version":[{"id":3467,"href":"https:\/\/www.hidrocarburos.chubut.gov.ar\/index.php?rest_route=\/wp\/v2\/pages\/1064\/revisions\/3467"}],"wp:attachment":[{"href":"https:\/\/www.hidrocarburos.chubut.gov.ar\/index.php?rest_route=%2Fwp%2Fv2%2Fmedia&parent=1064"}],"curies":[{"name":"wp","href":"https:\/\/api.w.org\/{rel}","templated":true}]}}